{"id":305,"date":"2018-06-18T09:13:19","date_gmt":"2018-06-18T09:13:19","guid":{"rendered":"http:\/\/rarathemesdemo.com\/rara-readable\/?page_id=2"},"modified":"2021-07-04T16:47:59","modified_gmt":"2021-07-04T14:47:59","slug":"qui-sommes-nous","status":"publish","type":"page","link":"https:\/\/www.dentatest.com\/index.php\/qui-sommes-nous\/","title":{"rendered":"Qui sommes-nous ?"},"content":{"rendered":"\n<blockquote class=\"wp-block-quote is-layout-flow wp-block-quote-is-layout-flow\"><p>\u00ab\u00a0Certains ont l&rsquo;air honn\u00eates, mais quand ils te serrent la main&#8230; tu as int\u00e9r\u00eat \u00e0 recompter tes doigts.\u00a0\u00bb<\/p><cite>Coluche<\/cite><\/blockquote>\n\n\n<p>Nous pensons que cette citation de ce cher Coluche r\u00e9sume tr\u00e8s bien la situation dans le monde du dentaire: <strong>tout le monde se pr\u00e9tend honn\u00eate<\/strong>, mais en r\u00e9alit\u00e9 c&rsquo;est une<strong> affaire de gros sous<\/strong>. Que ce soit aussi bien c\u00f4t\u00e9 \u00ab\u00a0grand nom\u00a0\u00bb ou leaders d&rsquo;opinions que vendeurs. D&rsquo;ailleurs, vous aussi, au moindre probl\u00e8me, on vous dit que vous \u00eates le premier \u00e0 l&rsquo;avoir rencontr\u00e9 ? Cocasse, non, que nous soyons \u00e0 chaque fois les seuls ?<\/p>\n<p>Nous sommes 5 chirurgiens-dentistes qui avons d\u00e9cid\u00e9 que cela en \u00e9tait assez et que <strong>la situation ne pouvait plus perdurer<\/strong>. Nous nous sommes donc associ\u00e9s pour cr\u00e9er ce site qui a un <strong>concept totalement in\u00e9dit: des tests produits purement objectifs.<\/strong> Des tests dans lesquels <strong>vous pouvez avoir confiance.<\/strong> Et \u00e7a, \u00e7a change tout !<\/p>\n<p>Il est aujourd&rsquo;hui tr\u00e8s compliqu\u00e9, pour ne pas dire impossible, de trouver des avis neutres et objectifs sur les produits destin\u00e9s aux chirurgiens-dentistes. Avec DentaTest, cela est fini !<\/p>\n\n\n<p>Et si vous souhaitez savoir qui nous sommes exactement, vous allez \u00eatre d\u00e9\u00e7us, nous tenons \u00e0 <strong>notre anonymat<\/strong>, seule solution pour <strong>ne pas subir de repr\u00e9sailles<\/strong> \u2026 Eh oui, quand on f\u00e9licite mais aussi <strong>critique<\/strong>, on se fait vite des <strong>ennemis<\/strong>.<\/p>\n\n\n\n<p><br>A bient\u00f4t sur DentaTest<\/p>\n","protected":false},"excerpt":{"rendered":"<p>\u00ab\u00a0Certains ont l&rsquo;air honn\u00eates, mais quand ils te serrent la main&#8230; tu as int\u00e9r\u00eat \u00e0 recompter tes doigts.\u00a0\u00bb Coluche Nous pensons que cette citation de &hellip; <\/p>\n","protected":false},"author":1,"featured_media":0,"parent":0,"menu_order":0,"comment_status":"closed","ping_status":"open","template":"","meta":{"footnotes":""},"class_list":["post-305","page","type-page","status-publish","hentry"],"yoast_head":"<!-- This site is optimized with the Yoast SEO plugin v27.5 - https:\/\/yoast.com\/product\/yoast-seo-wordpress\/ -->\n<title>Qui sommes-nous ? - DentaTest<\/title>\n<meta name=\"robots\" content=\"index, follow, max-snippet:-1, max-image-preview:large, max-video-preview:-1\" \/>\n<link rel=\"canonical\" href=\"https:\/\/www.dentatest.com\/index.php\/qui-sommes-nous\/\" \/>\n<meta property=\"og:locale\" content=\"fr_FR\" \/>\n<meta property=\"og:type\" content=\"article\" \/>\n<meta property=\"og:title\" content=\"Qui sommes-nous ? - DentaTest\" \/>\n<meta property=\"og:description\" content=\"\u00ab\u00a0Certains ont l&rsquo;air honn\u00eates, mais quand ils te serrent la main&#8230; tu as int\u00e9r\u00eat \u00e0 recompter tes doigts.\u00a0\u00bb Coluche Nous pensons que cette citation de &hellip;\" \/>\n<meta property=\"og:url\" content=\"https:\/\/www.dentatest.com\/index.php\/qui-sommes-nous\/\" \/>\n<meta property=\"og:site_name\" content=\"DentaTest\" \/>\n<meta property=\"article:modified_time\" content=\"2021-07-04T14:47:59+00:00\" \/>\n<meta name=\"twitter:card\" content=\"summary_large_image\" \/>\n<meta name=\"twitter:label1\" content=\"Dur\u00e9e de lecture estim\u00e9e\" \/>\n\t<meta name=\"twitter:data1\" content=\"1 minute\" \/>\n<script type=\"application\/ld+json\" class=\"yoast-schema-graph\">{\"@context\":\"https:\\\/\\\/schema.org\",\"@graph\":[{\"@type\":\"WebPage\",\"@id\":\"https:\\\/\\\/www.dentatest.com\\\/index.php\\\/qui-sommes-nous\\\/\",\"url\":\"https:\\\/\\\/www.dentatest.com\\\/index.php\\\/qui-sommes-nous\\\/\",\"name\":\"Qui sommes-nous ? - DentaTest\",\"isPartOf\":{\"@id\":\"https:\\\/\\\/www.dentatest.com\\\/#website\"},\"datePublished\":\"2018-06-18T09:13:19+00:00\",\"dateModified\":\"2021-07-04T14:47:59+00:00\",\"breadcrumb\":{\"@id\":\"https:\\\/\\\/www.dentatest.com\\\/index.php\\\/qui-sommes-nous\\\/#breadcrumb\"},\"inLanguage\":\"fr-FR\",\"potentialAction\":[{\"@type\":\"ReadAction\",\"target\":[\"https:\\\/\\\/www.dentatest.com\\\/index.php\\\/qui-sommes-nous\\\/\"]}]},{\"@type\":\"BreadcrumbList\",\"@id\":\"https:\\\/\\\/www.dentatest.com\\\/index.php\\\/qui-sommes-nous\\\/#breadcrumb\",\"itemListElement\":[{\"@type\":\"ListItem\",\"position\":1,\"name\":\"Accueil\",\"item\":\"https:\\\/\\\/www.dentatest.com\\\/\"},{\"@type\":\"ListItem\",\"position\":2,\"name\":\"Qui sommes-nous ?\"}]},{\"@type\":\"WebSite\",\"@id\":\"https:\\\/\\\/www.dentatest.com\\\/#website\",\"url\":\"https:\\\/\\\/www.dentatest.com\\\/\",\"name\":\"DentaTest\",\"description\":\"Vous pouvez nous faire confiance\",\"publisher\":{\"@id\":\"https:\\\/\\\/www.dentatest.com\\\/#organization\"},\"potentialAction\":[{\"@type\":\"SearchAction\",\"target\":{\"@type\":\"EntryPoint\",\"urlTemplate\":\"https:\\\/\\\/www.dentatest.com\\\/?s={search_term_string}\"},\"query-input\":{\"@type\":\"PropertyValueSpecification\",\"valueRequired\":true,\"valueName\":\"search_term_string\"}}],\"inLanguage\":\"fr-FR\"},{\"@type\":\"Organization\",\"@id\":\"https:\\\/\\\/www.dentatest.com\\\/#organization\",\"name\":\"DentaTest\",\"url\":\"https:\\\/\\\/www.dentatest.com\\\/\",\"logo\":{\"@type\":\"ImageObject\",\"inLanguage\":\"fr-FR\",\"@id\":\"https:\\\/\\\/www.dentatest.com\\\/#\\\/schema\\\/logo\\\/image\\\/\",\"url\":\"https:\\\/\\\/www.dentatest.com\\\/wp-content\\\/uploads\\\/2021\\\/06\\\/cropped-dentatest-2.png\",\"contentUrl\":\"https:\\\/\\\/www.dentatest.com\\\/wp-content\\\/uploads\\\/2021\\\/06\\\/cropped-dentatest-2.png\",\"width\":1156,\"height\":252,\"caption\":\"DentaTest\"},\"image\":{\"@id\":\"https:\\\/\\\/www.dentatest.com\\\/#\\\/schema\\\/logo\\\/image\\\/\"}}]}<\/script>\n<!-- \/ Yoast SEO plugin. -->","yoast_head_json":{"title":"Qui sommes-nous ? - DentaTest","robots":{"index":"index","follow":"follow","max-snippet":"max-snippet:-1","max-image-preview":"max-image-preview:large","max-video-preview":"max-video-preview:-1"},"canonical":"https:\/\/www.dentatest.com\/index.php\/qui-sommes-nous\/","og_locale":"fr_FR","og_type":"article","og_title":"Qui sommes-nous ? - DentaTest","og_description":"\u00ab\u00a0Certains ont l&rsquo;air honn\u00eates, mais quand ils te serrent la main&#8230; tu as int\u00e9r\u00eat \u00e0 recompter tes doigts.\u00a0\u00bb Coluche Nous pensons que cette citation de &hellip;","og_url":"https:\/\/www.dentatest.com\/index.php\/qui-sommes-nous\/","og_site_name":"DentaTest","article_modified_time":"2021-07-04T14:47:59+00:00","twitter_card":"summary_large_image","twitter_misc":{"Dur\u00e9e de lecture estim\u00e9e":"1 minute"},"schema":{"@context":"https:\/\/schema.org","@graph":[{"@type":"WebPage","@id":"https:\/\/www.dentatest.com\/index.php\/qui-sommes-nous\/","url":"https:\/\/www.dentatest.com\/index.php\/qui-sommes-nous\/","name":"Qui sommes-nous ? - DentaTest","isPartOf":{"@id":"https:\/\/www.dentatest.com\/#website"},"datePublished":"2018-06-18T09:13:19+00:00","dateModified":"2021-07-04T14:47:59+00:00","breadcrumb":{"@id":"https:\/\/www.dentatest.com\/index.php\/qui-sommes-nous\/#breadcrumb"},"inLanguage":"fr-FR","potentialAction":[{"@type":"ReadAction","target":["https:\/\/www.dentatest.com\/index.php\/qui-sommes-nous\/"]}]},{"@type":"BreadcrumbList","@id":"https:\/\/www.dentatest.com\/index.php\/qui-sommes-nous\/#breadcrumb","itemListElement":[{"@type":"ListItem","position":1,"name":"Accueil","item":"https:\/\/www.dentatest.com\/"},{"@type":"ListItem","position":2,"name":"Qui sommes-nous ?"}]},{"@type":"WebSite","@id":"https:\/\/www.dentatest.com\/#website","url":"https:\/\/www.dentatest.com\/","name":"DentaTest","description":"Vous pouvez nous faire confiance","publisher":{"@id":"https:\/\/www.dentatest.com\/#organization"},"potentialAction":[{"@type":"SearchAction","target":{"@type":"EntryPoint","urlTemplate":"https:\/\/www.dentatest.com\/?s={search_term_string}"},"query-input":{"@type":"PropertyValueSpecification","valueRequired":true,"valueName":"search_term_string"}}],"inLanguage":"fr-FR"},{"@type":"Organization","@id":"https:\/\/www.dentatest.com\/#organization","name":"DentaTest","url":"https:\/\/www.dentatest.com\/","logo":{"@type":"ImageObject","inLanguage":"fr-FR","@id":"https:\/\/www.dentatest.com\/#\/schema\/logo\/image\/","url":"https:\/\/www.dentatest.com\/wp-content\/uploads\/2021\/06\/cropped-dentatest-2.png","contentUrl":"https:\/\/www.dentatest.com\/wp-content\/uploads\/2021\/06\/cropped-dentatest-2.png","width":1156,"height":252,"caption":"DentaTest"},"image":{"@id":"https:\/\/www.dentatest.com\/#\/schema\/logo\/image\/"}}]}},"_links":{"self":[{"href":"https:\/\/www.dentatest.com\/index.php\/wp-json\/wp\/v2\/pages\/305","targetHints":{"allow":["GET"]}}],"collection":[{"href":"https:\/\/www.dentatest.com\/index.php\/wp-json\/wp\/v2\/pages"}],"about":[{"href":"https:\/\/www.dentatest.com\/index.php\/wp-json\/wp\/v2\/types\/page"}],"author":[{"embeddable":true,"href":"https:\/\/www.dentatest.com\/index.php\/wp-json\/wp\/v2\/users\/1"}],"replies":[{"embeddable":true,"href":"https:\/\/www.dentatest.com\/index.php\/wp-json\/wp\/v2\/comments?post=305"}],"version-history":[{"count":2,"href":"https:\/\/www.dentatest.com\/index.php\/wp-json\/wp\/v2\/pages\/305\/revisions"}],"predecessor-version":[{"id":421,"href":"https:\/\/www.dentatest.com\/index.php\/wp-json\/wp\/v2\/pages\/305\/revisions\/421"}],"wp:attachment":[{"href":"https:\/\/www.dentatest.com\/index.php\/wp-json\/wp\/v2\/media?parent=305"}],"curies":[{"name":"wp","href":"https:\/\/api.w.org\/{rel}","templated":true}]}}